{"id":1636,"date":"2022-03-15T10:01:08","date_gmt":"2022-03-15T10:01:08","guid":{"rendered":"https:\/\/dub-v2.f-ims.de\/?page_id=1636"},"modified":"2022-03-15T10:28:06","modified_gmt":"2022-03-15T10:28:06","slug":"datenschutzerklaerung-fuer-social-media","status":"publish","type":"page","link":"https:\/\/dub-v2.f-ims.de\/?page_id=1636","title":{"rendered":"Datenschutzerkl\u00e4rung f\u00fcr Social Media"},"content":{"rendered":"<div class=\"fusion-fullwidth fullwidth-box fusion-builder-row-1 fusion-flex-container nonhundred-percent-fullwidth non-hundred-percent-height-scrolling\" style=\"background-color: rgba(255,255,255,0);background-position: center center;background-repeat: no-repeat;border-width: 0px 0px 0px 0px;border-color:var(--awb-color3);border-style:solid;\" ><div class=\"fusion-builder-row fusion-row fusion-flex-align-items-flex-start\" style=\"max-width:1310.4px;margin-left: calc(-4% \/ 2 );margin-right: calc(-4% \/ 2 );\"><div class=\"fusion-layout-column fusion_builder_column fusion-builder-column-0 fusion_builder_column_1_1 1_1 fusion-flex-column\"><div class=\"fusion-column-wrapper fusion-flex-justify-content-flex-start fusion-content-layout-column\" style=\"background-position:left top;background-repeat:no-repeat;-webkit-background-size:cover;-moz-background-size:cover;-o-background-size:cover;background-size:cover;padding: 0px 0px 0px 0px;\"><div class=\"fusion-text fusion-text-1\" style=\"text-transform:none;\"><h2 data-fontsize=\"38\" data-lineheight=\"53.20000076293945px\" class=\"fusion-responsive-typography-calculated\" style=\"--fontSize: 38; line-height: 1.4;\">Datenschutzerkl\u00e4rung f\u00fcr unsere Social Media Seiten<\/h2>\n<p>Die DUBRAU Datenschutzbestimmungen f\u00fcr Social Media regeln den Umgang mit von Ihnen auf unseren Social Media Seiten eingegebenen personenbezogenen Daten.<\/p>\n<p>Nachfolgend m\u00f6chten wir Sie \u00fcber den Umgang mit Ihren Daten gem. Art. 13 Datenschutzgrundverordnung (DSGVO) informieren.<\/p>\n<h3 data-fontsize=\"28\" data-lineheight=\"39.20000076293945px\" class=\"fusion-responsive-typography-calculated\" style=\"--fontSize: 28; line-height: 1.4; --minFontSize: 28;\">Verantwortlicher<\/h3>\n<p>Wir, die DUBRAU GmbH, MULDINSEL 1, 06800 RAGUHN-JESSNITZ, betreiben folgende Social Media Seiten:<\/p>\n<ul>\n<li><i class=\"fa-linkedin-in fab\" style=\"color: var(--awb-color7);\" aria-hidden=\"true\"><\/i><a href=\"https:\/\/www.linkedin.com\/company\/dubrau-gmbh\/\"> LinkedIn<\/a><\/li>\n<li><i class=\"fa-xing fab\"><\/i><a href=\"https:\/\/www.xing.com\/companies\/dubraugmbh?sc_o=da980_e\"> XING<\/a><\/li>\n<\/ul>\n<p>Unsere Kontaktdaten finden Sie in unserem <a href=\"\/?page_id=1611\">Impressum.<\/a><\/p>\n<p>Neben uns gibt es noch den Betreiber der Social Media Plattform an sich. Auch dieser ist insofern ein weiterer Verantwortlicher, der eine Datenverarbeitung durchf\u00fchrt, auf die wir jedoch nur begrenzten Einfluss haben. An den Stellen, an denen wir Einfluss nehmen und die Datenverarbeitung parametrisieren k\u00f6nnen, wirken wir im Rahmen der uns zur Verf\u00fcgung stehenden M\u00f6glichkeiten auf den datenschutzgerechten Umgang durch den Betreiber der Social Media Plattform hin. An vielen Stellen k\u00f6nnen wir die Datenverarbeitung durch den Betreiber der Social Media Plattform aber nicht beeinflussen und wissen auch nicht genau, welche Daten dieser verarbeitet.<\/p>\n<h3 data-fontsize=\"28\" data-lineheight=\"39.20000076293945px\" class=\"fusion-responsive-typography-calculated\" style=\"--fontSize: 28; line-height: 1.4; --minFontSize: 28;\">Datenverarbeitung durch uns<\/h3>\n<p>Die von Ihnen auf unseren Social Media Seiten eingegebenen Daten wie z. B. Kommentare, Videos, Bilder, Likes, \u00f6ffentliche Nachrichten etc. werden durch die Social Media Plattform ver\u00f6ffentlicht und von uns zu keiner Zeit f\u00fcr andere Zwecke verwendet oder verarbeitet. Wir behalten uns lediglich vor, Inhalte zu l\u00f6schen, sofern dies erforderlich sein sollte. Ggf. teilen wir Ihre Inhalte auf unserer Seite, wenn dies eine Funktion der Social Media Plattform ist und kommunizieren \u00fcber die Social Media Plattform mit Ihnen. Rechtsgrundlage ist Art. 6 Abs. 1 S. 1 lit. f DSGVO. Die Datenverarbeitung erfolgt im Interesse unserer \u00d6ffentlichkeitsarbeit und Kommunikation.<\/p>\n<p><strong>Wenn Sie einer bestimmten Datenverarbeitung, auf die wir einen Einfluss haben, widersprechen m\u00f6chten, wenden Sie sich bitte an die im Impressum genannten Kontaktdaten. Wir pr\u00fcfen Ihren Widerspruch dann.<\/strong><\/p>\n<p>Sofern Sie uns eine Anfrage auf der Social Media Plattform stellen, verweisen wir je nach der erforderlichen Antwort ggf. auch auf andere, sichere Kommunikationswege, die Vertraulichkeit garantieren. Sie haben immer die M\u00f6glichkeit, uns vertrauliche Anfragen an unsere im Impressum genannte Anschrift zu schicken.<\/p>\n<p>Wie bereits ausgef\u00fchrt, achten wir an den Stellen, an denen uns der Anbieter der Social Media Plattform die M\u00f6glichkeit gibt, darauf, unsere Social Media Seiten m\u00f6glichst datenschutzkonform zu gestalten.<\/p>\n<p>Wir nutzen die Social Media Plattformen f\u00fcr Werbezwecke. Dabei greifen wir auch auf die demografischen, interessenbasierten, verhaltensbasierten oder standortbasierten Zielgruppendefinitionen f\u00fcr Werbung zur\u00fcck, die uns der Betreiber der jeweiligen Social Media Plattform zur Verf\u00fcgung stellt. N\u00e4here Informationen zur Datenerfassung und Datenverarbeitung auf den Social Media Plattformen sowie dem dortigen Schutz Ihrer Privatsph\u00e4re finden Sie in den unten aufgef\u00fchrten Datenschutzerkl\u00e4rungen der jeweiligen Anbieter. Im Hinblick auf Statistiken, die uns der Anbieter der Social Media Plattform zur Verf\u00fcgung stellt, k\u00f6nnen wir diese nur bedingt beeinflussen und auch nicht abschalten. Wir achten aber darauf, dass uns keine zus\u00e4tzlichen optionalen Statistiken zur Verf\u00fcgung gestellt werden, die personenbezogene Daten verarbeiten.<\/p>\n<p>F\u00fcr einzelne Social Media Kan\u00e4le nutzen wir Conversion-Tracking-M\u00f6glichkeiten. Daf\u00fcr haben wir entsprechende Pixel bzw. Tags auf unserer Webseite eingebunden, um Conversion-Daten zu erfassen.<\/p>\n<p><a href=\"\/?page_id=3\">Alle Informationen dazu haben wir in unserer allgemeinen Datenschutzerkl\u00e4rung zusammengefasst.<\/a><\/p>\n<h3 data-fontsize=\"28\" data-lineheight=\"39.20000076293945px\" class=\"fusion-responsive-typography-calculated\" style=\"--fontSize: 28; line-height: 1.4; --minFontSize: 28;\">Datenverarbeitung durch den Betreiber der Social Media Plattform<\/h3>\n<p>Der Betreiber der Social Media Plattform setzt Webtrackingmethoden ein. Das Webtracking kann dabei auch unabh\u00e4ngig davon erfolgen, ob Sie bei der Social Media Plattform angemeldet oder registriert sind. Wie bereits dargestellt k\u00f6nnen wir auf die Webtrackingmethoden der Social Media Plattform leider kaum Einfluss nehmen. Wir k\u00f6nnen dieses z.B. nicht abschalten.<\/p>\n<p>Bitte seien Sie sich dar\u00fcber bewusst: Es kann nicht ausgeschlossen werden, dass der Anbieter der Social Media Plattform Ihre Profil- und Verhaltensdatendaten nutzt, etwa um Ihre Gewohnheiten, pers\u00f6nlichen Beziehungen, Vorlieben usw. auszuwerten. Wir haben insofern keinen Einfluss auf die Verarbeitung Ihrer Daten durch den Anbieter der Social Media Plattform.<\/p>\n<p>N\u00e4here Informationen zur Datenverarbeitung durch den Anbieter der Social Media Plattform und weitere Widerspruchsm\u00f6glichkeiten finden Sie in der Datenschutzerkl\u00e4rung des Anbieters:<\/p>\n<ul>\n<li>LinkedIn: <a href=\"https:\/\/www.linkedin.com\/legal\/privacy-policy?trk=hb_ft_priv\">https:\/\/www.linkedin.com\/legal\/privacy-policy?trk=hb_ft_priv<\/a><\/li>\n<li>XING: <a href=\"https:\/\/privacy.xing.com\/de\/datenschutzerklaerung\">https:\/\/privacy.xing.com\/de\/datenschutzerklaerung<\/a><\/li>\n<\/ul>\n<h3 data-fontsize=\"28\" data-lineheight=\"39.20000076293945px\" class=\"fusion-responsive-typography-calculated\" style=\"--fontSize: 28; line-height: 1.4; --minFontSize: 28;\">Ihre Rechte als Nutzer<\/h3>\n<p>Bei Verarbeitung Ihrer personenbezogenen Daten gew\u00e4hrt die DSGVO Ihnen als Webseitennutzer bestimmte Rechte:<\/p>\n<p><strong>1.) Auskunftsrecht (Art. 15 DSGVO):<\/strong><\/p>\n<p>Sie haben das Recht eine Best\u00e4tigung dar\u00fcber zu verlangen, ob die Sie betreffenden personenbezogenen Daten verarbeitet werden; ist dies der Fall, so haben Sie ein Recht auf Auskunft \u00fcber diese personenbezogenen Daten und auf die in Art. 15 DSGVO im einzelnen aufgef\u00fchrten Informationen.<\/p>\n<p><strong>2.) Recht auf Berichtigung und L\u00f6schung (Art. 16 und 17 DSGVO):<\/strong><\/p>\n<p>Sie haben das Recht, unverz\u00fcglich die Berichtigung der Sie betreffenden unrichtigen personenbezogenen Daten und ggf. die Vervollst\u00e4ndigung unvollst\u00e4ndiger personenbezogener Daten zu verlangen.<\/p>\n<p>Sie haben zudem das Recht, zu verlangen, dass die Sie betreffenden personenbezogenen Daten unverz\u00fcglich gel\u00f6scht werden, sofern einer der in Art. 17 DSGVO im einzelnen aufgef\u00fchrten Gr\u00fcnde zutrifft, z. B. wenn die Daten f\u00fcr die verfolgten Zwecke nicht mehr ben\u00f6tigt werden.<\/p>\n<p><strong>3.) Recht auf Einschr\u00e4nkung der Verarbeitung (Art. 18 DSGVO): <\/strong><\/p>\n<p>Sie haben das Recht, die Einschr\u00e4nkung der Verarbeitung zu verlangen, wenn eine der in Art. 18 DSGVO aufgef\u00fchrten Voraussetzungen gegeben ist, z. B. wenn Sie Widerspruch gegen die Verarbeitung eingelegt haben, f\u00fcr die Dauer einer etwaigen Pr\u00fcfung.<\/p>\n<p><strong>4.) Recht auf Daten\u00fcbertragbarkeit (Art. 20 DSGVO): <\/strong><\/p>\n<p>In bestimmten F\u00e4llen, die in Art. 20 DSGVO im Einzelnen aufgef\u00fchrt werden, haben Sie das Recht, die Sie betreffenden personenbezogenen Daten in einem strukturierten, g\u00e4ngigen und maschinenlesbaren Format zu erhalten bzw. die \u00dcbermittlung dieser Daten an einen Dritten zu verlangen.<\/p>\n<p><strong>5.) Widerspruchsrecht (Art. 21 DSGVO): <\/strong><\/p>\n<p>Werden Daten auf Grundlage von Art. 6 Abs. 1 lit. f erhoben (Datenverarbeitung zur Wahrung berechtigter Interessen), steht Ihnen das Recht zu, aus Gr\u00fcnden, die sich aus Ihrer besonderen Situation ergeben, jederzeit gegen die Verarbeitung Widerspruch einzulegen. Sofern der Social Media Betreiber die M\u00f6glichkeit einr\u00e4umt, verarbeiten wir die personenbezogenen Daten dann nicht mehr, es sei denn, es liegen nachweisbar zwingende schutzw\u00fcrdige Gr\u00fcnde f\u00fcr die Verarbeitung vor, die die Interessen, Rechte und Freiheiten der betroffenen Person \u00fcberwiegen, oder die Verarbeitung dient der Geltendmachung, Aus\u00fcbung oder Verteidigung von Rechtsanspr\u00fcchen.<\/p>\n<p><strong> <\/strong><\/p>\n<h3 data-fontsize=\"28\" data-lineheight=\"39.20000076293945px\" class=\"fusion-responsive-typography-calculated\" style=\"--fontSize: 28; line-height: 1.4; --minFontSize: 28;\">Beschwerderecht bei einer Aufsichtsbeh\u00f6rde<\/h3>\n<p>Sie haben gem. Art. 77 DSGVO das Recht auf Beschwerde bei einer Aufsichtsbeh\u00f6rde, wenn Sie der Ansicht sind, dass die Verarbeitung der Sie betreffenden Daten gegen datenschutzrechtliche Bestimmungen verst\u00f6\u00dft. Das Beschwerderecht kann insbesondere bei einer Aufsichtsbeh\u00f6rde in dem Mitgliedstaat Ihres Aufenthaltsorts, Ihres Arbeitsplatzes oder des Orts des mutma\u00dflichen Versto\u00dfes geltend gemacht werden.<\/p>\n<h3 data-fontsize=\"28\" data-lineheight=\"39.20000076293945px\" class=\"fusion-responsive-typography-calculated\" style=\"--fontSize: 28; line-height: 1.4; --minFontSize: 28;\">Kontaktdaten des Datenschutzbeauftragten<\/h3>\n<p>Unser Datenschutzbeauftragter steht Ihnen gerne f\u00fcr Ausk\u00fcnfte oder Anregungen zum Thema Datenschutz zur Verf\u00fcgung:<\/p>\n<p>ER Secure GmbH<\/p>\n<p>In der Knackenau 4<\/p>\n<p>82031 Gr\u00fcnwald<\/p>\n<p>E-Mail: <span id=\"cloak714df59216278367a5c26325de94019f\"><a href=\"mailto:datenschutzbeauftragter@dubrau-gmbh.de\">datenschutzbeauftragter@dubrau-gmbh.de<\/a><\/span><\/p>\n<p>Website: www.er-secure.de<\/p>\n<p>Jede betroffene Person kann sich jederzeit bei allen Fragen und Anregungen zum Datenschutz direkt an unseren Datenschutzbeauftragten wenden<\/p>\n<\/div><\/div><style type=\"text\/css\">.fusion-body .fusion-builder-column-0{width:100% !important;margin-top : 0px;margin-bottom : 20px;}.fusion-builder-column-0 > .fusion-column-wrapper {padding-top : 0px !important;padding-right : 0px !important;margin-right : 1.92%;padding-bottom : 0px !important;padding-left : 0px !important;margin-left : 1.92%;}@media only screen and (max-width:1024px) {.fusion-body .fusion-builder-column-0{width:100% !important;order : 0;}.fusion-builder-column-0 > .fusion-column-wrapper {margin-right : 1.92%;margin-left : 1.92%;}}@media only screen and (max-width:640px) {.fusion-body .fusion-builder-column-0{width:100% !important;order : 0;}.fusion-builder-column-0 > .fusion-column-wrapper {margin-right : 1.92%;margin-left : 1.92%;}}<\/style><\/div><\/div><style type=\"text\/css\">.fusion-body .fusion-flex-container.fusion-builder-row-1{ padding-top : 80px;margin-top : 0px;padding-right : 0px;padding-bottom : 80px;margin-bottom : 0px;padding-left : 0px;}<\/style><\/div>\n","protected":false},"excerpt":{"rendered":"","protected":false},"author":2,"featured_media":0,"parent":0,"menu_order":0,"comment_status":"closed","ping_status":"closed","template":"","meta":{"footnotes":""},"class_list":["post-1636","page","type-page","status-publish","hentry"],"_links":{"self":[{"href":"https:\/\/dub-v2.f-ims.de\/index.php?rest_route=\/wp\/v2\/pages\/1636","targetHints":{"allow":["GET"]}}],"collection":[{"href":"https:\/\/dub-v2.f-ims.de\/index.php?rest_route=\/wp\/v2\/pages"}],"about":[{"href":"https:\/\/dub-v2.f-ims.de\/index.php?rest_route=\/wp\/v2\/types\/page"}],"author":[{"embeddable":true,"href":"https:\/\/dub-v2.f-ims.de\/index.php?rest_route=\/wp\/v2\/users\/2"}],"replies":[{"embeddable":true,"href":"https:\/\/dub-v2.f-ims.de\/index.php?rest_route=%2Fwp%2Fv2%2Fcomments&post=1636"}],"version-history":[{"count":13,"href":"https:\/\/dub-v2.f-ims.de\/index.php?rest_route=\/wp\/v2\/pages\/1636\/revisions"}],"predecessor-version":[{"id":1651,"href":"https:\/\/dub-v2.f-ims.de\/index.php?rest_route=\/wp\/v2\/pages\/1636\/revisions\/1651"}],"wp:attachment":[{"href":"https:\/\/dub-v2.f-ims.de\/index.php?rest_route=%2Fwp%2Fv2%2Fmedia&parent=1636"}],"curies":[{"name":"wp","href":"https:\/\/api.w.org\/{rel}","templated":true}]}}